{"id":461,"date":"2024-07-22T16:07:28","date_gmt":"2024-07-22T16:07:28","guid":{"rendered":"https:\/\/tj-tekniikka.fi\/?page_id=461"},"modified":"2024-07-22T16:52:21","modified_gmt":"2024-07-22T16:52:21","slug":"maalampohuolto","status":"publish","type":"page","link":"https:\/\/tj-tekniikka.fi\/index.php\/maalampohuolto\/","title":{"rendered":"Maal\u00e4mp\u00f6huolto"},"content":{"rendered":"\t\t<div data-elementor-type=\"wp-page\" data-elementor-id=\"461\" class=\"elementor elementor-461\">\n\t\t\t\t\t\t<section class=\"elementor-section elementor-top-section elementor-element elementor-element-577fc9c elementor-section-boxed elementor-section-height-default elementor-section-height-default\" data-id=\"577fc9c\" data-element_type=\"section\" data-e-type=\"section\">\n\t\t\t\t\t\t<div class=\"elementor-container elementor-column-gap-default\">\n\t\t\t\t\t<div class=\"elementor-column elementor-col-100 elementor-top-column elementor-element elementor-element-fe2edc4\" data-id=\"fe2edc4\" data-element_type=\"column\" data-e-type=\"column\">\n\t\t\t<div class=\"elementor-widget-wrap elementor-element-populated\">\n\t\t\t\t\t\t<div class=\"elementor-element elementor-element-d7622db elementor-widget elementor-widget-wpforms\" data-id=\"d7622db\" data-element_type=\"widget\" data-e-type=\"widget\" data-widget_type=\"wpforms.default\">\n\t\t\t\t<div class=\"elementor-widget-container\">\n\t\t\t\t\t<div class=\"wpforms-container wpforms-container-full wpforms-block wpforms-block-f2dd158f-985a-431a-ba49-8cd7eba45dd1\" id=\"wpforms-454\"><form id=\"wpforms-form-454\" class=\"wpforms-validate wpforms-form wpforms-ajax-form\" data-formid=\"454\" method=\"post\" enctype=\"multipart\/form-data\" action=\"\/index.php\/wp-json\/wp\/v2\/pages\/461\" data-token=\"a8dff8da24c41356e2f1b132c0779e18\" data-token-time=\"1777502201\"><noscript class=\"wpforms-error-noscript\">Please enable JavaScript in your browser to complete this form.<\/noscript><div class=\"wpforms-field-container\"><div id=\"wpforms-454-field_1-container\" class=\"wpforms-field wpforms-field-text\" data-field-id=\"1\"><label class=\"wpforms-field-label\" for=\"wpforms-454-field_1\">Nimi <span class=\"wpforms-required-label\">*<\/span><\/label><input type=\"text\" id=\"wpforms-454-field_1\" class=\"wpforms-field-medium wpforms-field-required\" name=\"wpforms[fields][1]\" required><\/div><div id=\"wpforms-454-field_2-container\" class=\"wpforms-field wpforms-field-text\" data-field-id=\"2\"><label class=\"wpforms-field-label\" for=\"wpforms-454-field_2\">Puhelinnumero <span class=\"wpforms-required-label\">*<\/span><\/label><input type=\"text\" id=\"wpforms-454-field_2\" class=\"wpforms-field-medium wpforms-field-required\" name=\"wpforms[fields][2]\" required><\/div><div id=\"wpforms-454-field_3-container\" class=\"wpforms-field wpforms-field-text\" data-field-id=\"3\"><label class=\"wpforms-field-label\" for=\"wpforms-454-field_3\">S\u00e4hk\u00f6posti<\/label><input type=\"text\" id=\"wpforms-454-field_3\" class=\"wpforms-field-medium\" name=\"wpforms[fields][3]\" ><\/div><div id=\"wpforms-454-field_4-container\" class=\"wpforms-field wpforms-field-text\" data-field-id=\"4\"><label class=\"wpforms-field-label\" for=\"wpforms-454-field_4\">Osoite <span class=\"wpforms-required-label\">*<\/span><\/label><input type=\"text\" id=\"wpforms-454-field_4\" class=\"wpforms-field-medium wpforms-field-required\" name=\"wpforms[fields][4]\" required><\/div><div id=\"wpforms-454-field_5-container\" class=\"wpforms-field wpforms-field-text\" data-field-id=\"5\"><label class=\"wpforms-field-label\" for=\"wpforms-454-field_5\">Postinumero <span class=\"wpforms-required-label\">*<\/span><\/label><input type=\"text\" id=\"wpforms-454-field_5\" class=\"wpforms-field-medium wpforms-field-required\" name=\"wpforms[fields][5]\" required><\/div><div id=\"wpforms-454-field_6-container\" class=\"wpforms-field wpforms-field-text\" data-field-id=\"6\"><label class=\"wpforms-field-label\" for=\"wpforms-454-field_6\">Postitoimipaikka <span class=\"wpforms-required-label\">*<\/span><\/label><input type=\"text\" id=\"wpforms-454-field_6\" class=\"wpforms-field-medium wpforms-field-required\" name=\"wpforms[fields][6]\" required><\/div><div id=\"wpforms-454-field_7-container\" class=\"wpforms-field wpforms-field-text\" data-field-id=\"7\"><label class=\"wpforms-field-label\" for=\"wpforms-454-field_7\">Laitteen merkki <span class=\"wpforms-required-label\">*<\/span><\/label><input type=\"text\" id=\"wpforms-454-field_7\" class=\"wpforms-field-medium wpforms-field-required\" name=\"wpforms[fields][7]\" required><\/div><div id=\"wpforms-454-field_8-container\" class=\"wpforms-field wpforms-field-text\" data-field-id=\"8\"><label class=\"wpforms-field-label\" for=\"wpforms-454-field_8\">Sarjanumero<\/label><input type=\"text\" id=\"wpforms-454-field_8\" class=\"wpforms-field-medium\" name=\"wpforms[fields][8]\" ><\/div><div id=\"wpforms-454-field_9-container\" class=\"wpforms-field wpforms-field-text\" data-field-id=\"9\"><label class=\"wpforms-field-label\" for=\"wpforms-454-field_9\">Laitetunnus<\/label><input type=\"text\" id=\"wpforms-454-field_9\" class=\"wpforms-field-medium\" name=\"wpforms[fields][9]\" ><\/div><div id=\"wpforms-454-field_10-container\" class=\"wpforms-field wpforms-field-text\" data-field-id=\"10\"><label class=\"wpforms-field-label\" for=\"wpforms-454-field_10\">Asennusp\u00e4iv\u00e4<\/label><input type=\"text\" id=\"wpforms-454-field_10\" class=\"wpforms-field-small\" name=\"wpforms[fields][10]\" placeholder=\"01.01.2022\" ><\/div><div id=\"wpforms-454-field_16-container\" class=\"wpforms-field wpforms-field-checkbox\" data-field-id=\"16\"><label class=\"wpforms-field-label\">Huoltopyynt\u00f6 koskee<\/label><ul id=\"wpforms-454-field_16\"><li class=\"choice-1 depth-1\"><input type=\"checkbox\" id=\"wpforms-454-field_16_1\" name=\"wpforms[fields][16][]\" value=\"Vuosihuolto (ensimm\u00e4inen vuosi)\"  ><label class=\"wpforms-field-label-inline\" for=\"wpforms-454-field_16_1\">Vuosihuolto (ensimm\u00e4inen vuosi)<\/label><\/li><li class=\"choice-2 depth-1\"><input type=\"checkbox\" id=\"wpforms-454-field_16_2\" name=\"wpforms[fields][16][]\" value=\"Vuosihuolto\"  ><label class=\"wpforms-field-label-inline\" for=\"wpforms-454-field_16_2\">Vuosihuolto<\/label><\/li><li class=\"choice-3 depth-1\"><input type=\"checkbox\" id=\"wpforms-454-field_16_3\" name=\"wpforms[fields][16][]\" value=\"Vuosihuolto ja laitteiston vianhaku\"  ><label class=\"wpforms-field-label-inline\" for=\"wpforms-454-field_16_3\">Vuosihuolto ja laitteiston vianhaku<\/label><\/li><li class=\"choice-4 depth-1\"><input type=\"checkbox\" id=\"wpforms-454-field_16_4\" name=\"wpforms[fields][16][]\" value=\"Laitteiston testiajo ja\/tai s\u00e4\u00e4t\u00f6\"  ><label class=\"wpforms-field-label-inline\" for=\"wpforms-454-field_16_4\">Laitteiston testiajo ja\/tai s\u00e4\u00e4t\u00f6<\/label><\/li><li class=\"choice-5 depth-1\"><input type=\"checkbox\" id=\"wpforms-454-field_16_5\" name=\"wpforms[fields][16][]\" value=\"Vian haku ja korjausty\u00f6\"  ><label class=\"wpforms-field-label-inline\" for=\"wpforms-454-field_16_5\">Vian haku ja korjausty\u00f6<\/label><\/li><li class=\"choice-6 depth-1\"><input type=\"checkbox\" id=\"wpforms-454-field_16_6\" name=\"wpforms[fields][16][]\" value=\"Laitteiston ilmaus (l\u00e4mmitys tai liuospiiri)\"  ><label class=\"wpforms-field-label-inline\" for=\"wpforms-454-field_16_6\">Laitteiston ilmaus (l\u00e4mmitys tai liuospiiri)<\/label><\/li><\/ul><\/div><div id=\"wpforms-454-field_11-container\" class=\"wpforms-field wpforms-field-textarea\" data-field-id=\"11\"><label class=\"wpforms-field-label\" for=\"wpforms-454-field_11\">Vikakuvaus ja mahdolliset vikakoodit<\/label><textarea id=\"wpforms-454-field_11\" class=\"wpforms-field-medium\" name=\"wpforms[fields][11]\" ><\/textarea><\/div><div id=\"wpforms-454-field_12-container\" class=\"wpforms-field wpforms-field-text\" data-field-id=\"12\"><label class=\"wpforms-field-label\" for=\"wpforms-454-field_12\">Toivottu huoltop\u00e4iv\u00e4<\/label><input type=\"text\" id=\"wpforms-454-field_12\" class=\"wpforms-field-small\" name=\"wpforms[fields][12]\" ><\/div><div id=\"wpforms-454-field_13-container\" class=\"wpforms-field wpforms-field-text\" data-field-id=\"13\"><label class=\"wpforms-field-label\" for=\"wpforms-454-field_13\">Toivottu kellonaika<\/label><input type=\"text\" id=\"wpforms-454-field_13\" class=\"wpforms-field-small\" name=\"wpforms[fields][13]\" ><\/div><div id=\"wpforms-454-field_18-container\" class=\"wpforms-field wpforms-field-email\" data-field-id=\"18\"><label class=\"wpforms-field-label\" for=\"wpforms-454-field_18\">Email <span class=\"wpforms-required-label\">*<\/span><\/label><input type=\"email\" id=\"wpforms-454-field_18\" class=\"wpforms-field-medium wpforms-field-required\" name=\"wpforms[fields][18]\" spellcheck=\"false\" required><\/div><\/div><!-- .wpforms-field-container --><div class=\"wpforms-submit-container\" ><input type=\"hidden\" name=\"wpforms[id]\" value=\"454\"><input type=\"hidden\" name=\"page_title\" value=\"\"><input type=\"hidden\" name=\"page_url\" value=\"https:\/\/tj-tekniikka.fi\/index.php\/wp-json\/wp\/v2\/pages\/461\"><input type=\"hidden\" name=\"url_referer\" value=\"\"><button type=\"submit\" name=\"wpforms[submit]\" id=\"wpforms-submit-454\" class=\"wpforms-submit\" data-alt-text=\"L\u00e4hetet\u00e4\u00e4n..\" data-submit-text=\"L\u00e4het\u00e4\" aria-live=\"assertive\" value=\"wpforms-submit\">L\u00e4het\u00e4<\/button><img decoding=\"async\" src=\"https:\/\/tj-tekniikka.fi\/wp-content\/plugins\/wpforms-lite\/assets\/images\/submit-spin.svg\" class=\"wpforms-submit-spinner\" style=\"display: none;\" width=\"26\" height=\"26\" alt=\"Loading\"><\/div><\/form><\/div>  <!-- .wpforms-container -->\t\t\t\t<\/div>\n\t\t\t\t<\/div>\n\t\t\t\t\t<\/div>\n\t\t<\/div>\n\t\t\t\t\t<\/div>\n\t\t<\/section>\n\t\t\t\t<section class=\"elementor-section elementor-top-section elementor-element elementor-element-3f1d5300 elementor-section-boxed elementor-section-height-default elementor-section-height-default\" data-id=\"3f1d5300\" data-element_type=\"section\" data-e-type=\"section\">\n\t\t\t\t\t\t<div class=\"elementor-container elementor-column-gap-default\">\n\t\t\t\t\t<div class=\"elementor-column elementor-col-100 elementor-top-column elementor-element elementor-element-3510b93d\" data-id=\"3510b93d\" data-element_type=\"column\" data-e-type=\"column\">\n\t\t\t<div class=\"elementor-widget-wrap elementor-element-populated\">\n\t\t\t\t\t\t<div class=\"elementor-element elementor-element-5fd5e5bd elementor-widget elementor-widget-text-editor\" data-id=\"5fd5e5bd\" data-element_type=\"widget\" data-e-type=\"widget\" data-widget_type=\"text-editor.default\">\n\t\t\t\t<div class=\"elementor-widget-container\">\n\t\t\t\t\t\t\t\t\t\n\n\n\n\n<p><\/p>\n\n\n\t\t\t\t\t\t\t\t<\/div>\n\t\t\t\t<\/div>\n\t\t\t\t\t<\/div>\n\t\t<\/div>\n\t\t\t\t\t<\/div>\n\t\t<\/section>\n\t\t\t\t<\/div>\n\t\t","protected":false},"excerpt":{"rendered":"<p>Please enable JavaScript in your browser to complete this form.Nimi *Puhelinnumero *S\u00e4hk\u00f6postiOsoite *Postinumero *Postitoimipaikka *Laitteen merkki *SarjanumeroLaitetunnusAsennusp\u00e4iv\u00e4Huoltopyynt\u00f6 koskee Vuosihuolto (ensimm\u00e4inen vuosi) Vuosihuolto Vuosihuolto ja laitteiston vianhaku Laitteiston testiajo ja\/tai s\u00e4\u00e4t\u00f6 Vian haku ja korjausty\u00f6 Laitteiston ilmaus (l\u00e4mmitys tai liuospiiri) VikakuvausToivottu huoltop\u00e4iv\u00e4Toivottu kellonaikaNumbers L\u00e4het\u00e4<\/p>\n","protected":false},"author":1,"featured_media":0,"parent":0,"menu_order":0,"comment_status":"closed","ping_status":"closed","template":"","meta":{"ocean_post_layout":"","ocean_both_sidebars_style":"","ocean_both_sidebars_content_width":0,"ocean_both_sidebars_sidebars_width":0,"ocean_sidebar":"","ocean_second_sidebar":"","ocean_disable_margins":"enable","ocean_add_body_class":"","ocean_shortcode_before_top_bar":"","ocean_shortcode_after_top_bar":"","ocean_shortcode_before_header":"","ocean_shortcode_after_header":"","ocean_has_shortcode":"","ocean_shortcode_after_title":"","ocean_shortcode_before_footer_widgets":"","ocean_shortcode_after_footer_widgets":"","ocean_shortcode_before_footer_bottom":"","ocean_shortcode_after_footer_bottom":"","ocean_display_top_bar":"default","ocean_display_header":"default","ocean_header_style":"","ocean_center_header_left_menu":"","ocean_custom_header_template":"","ocean_custom_logo":0,"ocean_custom_retina_logo":0,"ocean_custom_logo_max_width":0,"ocean_custom_logo_tablet_max_width":0,"ocean_custom_logo_mobile_max_width":0,"ocean_custom_logo_max_height":0,"ocean_custom_logo_tablet_max_height":0,"ocean_custom_logo_mobile_max_height":0,"ocean_header_custom_menu":"","ocean_menu_typo_font_family":"","ocean_menu_typo_font_subset":"","ocean_menu_typo_font_size":0,"ocean_menu_typo_font_size_tablet":0,"ocean_menu_typo_font_size_mobile":0,"ocean_menu_typo_font_size_unit":"px","ocean_menu_typo_font_weight":"","ocean_menu_typo_font_weight_tablet":"","ocean_menu_typo_font_weight_mobile":"","ocean_menu_typo_transform":"","ocean_menu_typo_transform_tablet":"","ocean_menu_typo_transform_mobile":"","ocean_menu_typo_line_height":0,"ocean_menu_typo_line_height_tablet":0,"ocean_menu_typo_line_height_mobile":0,"ocean_menu_typo_line_height_unit":"","ocean_menu_typo_spacing":0,"ocean_menu_typo_spacing_tablet":0,"ocean_menu_typo_spacing_mobile":0,"ocean_menu_typo_spacing_unit":"","ocean_menu_link_color":"","ocean_menu_link_color_hover":"","ocean_menu_link_color_active":"","ocean_menu_link_background":"","ocean_menu_link_hover_background":"","ocean_menu_link_active_background":"","ocean_menu_social_links_bg":"","ocean_menu_social_hover_links_bg":"","ocean_menu_social_links_color":"","ocean_menu_social_hover_links_color":"","ocean_disable_title":"default","ocean_disable_heading":"default","ocean_post_title":"","ocean_post_subheading":"","ocean_post_title_style":"","ocean_post_title_background_color":"","ocean_post_title_background":0,"ocean_post_title_bg_image_position":"","ocean_post_title_bg_image_attachment":"","ocean_post_title_bg_image_repeat":"","ocean_post_title_bg_image_size":"","ocean_post_title_height":0,"ocean_post_title_bg_overlay":0.5,"ocean_post_title_bg_overlay_color":"","ocean_disable_breadcrumbs":"default","ocean_breadcrumbs_color":"","ocean_breadcrumbs_separator_color":"","ocean_breadcrumbs_links_color":"","ocean_breadcrumbs_links_hover_color":"","ocean_display_footer_widgets":"default","ocean_display_footer_bottom":"default","ocean_custom_footer_template":"","footnotes":""},"class_list":["post-461","page","type-page","status-publish","hentry","entry"],"_links":{"self":[{"href":"https:\/\/tj-tekniikka.fi\/index.php\/wp-json\/wp\/v2\/pages\/461","targetHints":{"allow":["GET"]}}],"collection":[{"href":"https:\/\/tj-tekniikka.fi\/index.php\/wp-json\/wp\/v2\/pages"}],"about":[{"href":"https:\/\/tj-tekniikka.fi\/index.php\/wp-json\/wp\/v2\/types\/page"}],"author":[{"embeddable":true,"href":"https:\/\/tj-tekniikka.fi\/index.php\/wp-json\/wp\/v2\/users\/1"}],"replies":[{"embeddable":true,"href":"https:\/\/tj-tekniikka.fi\/index.php\/wp-json\/wp\/v2\/comments?post=461"}],"version-history":[{"count":7,"href":"https:\/\/tj-tekniikka.fi\/index.php\/wp-json\/wp\/v2\/pages\/461\/revisions"}],"predecessor-version":[{"id":483,"href":"https:\/\/tj-tekniikka.fi\/index.php\/wp-json\/wp\/v2\/pages\/461\/revisions\/483"}],"wp:attachment":[{"href":"https:\/\/tj-tekniikka.fi\/index.php\/wp-json\/wp\/v2\/media?parent=461"}],"curies":[{"name":"wp","href":"https:\/\/api.w.org\/{rel}","templated":true}]}}